{"id":1417,"date":"2025-02-11T15:17:59","date_gmt":"2025-02-11T15:17:59","guid":{"rendered":"https:\/\/clmedicare.com\/?page_id=1417"},"modified":"2025-02-11T15:43:21","modified_gmt":"2025-02-11T15:43:21","slug":"blog-es","status":"publish","type":"page","link":"https:\/\/clmedicare.com\/en\/blog-es\/","title":{"rendered":"Blog"},"content":{"rendered":"<div data-elementor-type=\"wp-page\" data-elementor-id=\"1417\" class=\"elementor elementor-1417\" data-elementor-post-type=\"page\">\n\t\t\t\t<div class=\"elementor-element elementor-element-4400e436 e-flex e-con-boxed e-con e-parent\" data-id=\"4400e436\" data-element_type=\"container\" data-settings=\"{&quot;background_background&quot;:&quot;classic&quot;}\">\n\t\t\t\t\t<div class=\"e-con-inner\">\n\t\t<div class=\"elementor-element elementor-element-342223f8 e-con-full e-flex e-con e-child\" data-id=\"342223f8\" data-element_type=\"container\">\n\t\t\t\t<div class=\"elementor-element elementor-element-7885e906 elementor-widget elementor-widget-heading\" data-id=\"7885e906\" data-element_type=\"widget\" data-widget_type=\"heading.default\">\n\t\t\t\t<div class=\"elementor-widget-container\">\n\t\t\t\t\t<h1 class=\"elementor-heading-title elementor-size-default\">Blog<\/h1>\t\t\t\t<\/div>\n\t\t\t\t<\/div>\n\t\t\t\t<div class=\"elementor-element elementor-element-7d31b3f5 elementor-widget elementor-widget-heading\" data-id=\"7d31b3f5\" data-element_type=\"widget\" data-widget_type=\"heading.default\">\n\t\t\t\t<div class=\"elementor-widget-container\">\n\t\t\t\t\t<h4 class=\"elementor-heading-title elementor-size-default\">Discover the latest news, research and advances in the world of medicine.<\/h4>\t\t\t\t<\/div>\n\t\t\t\t<\/div>\n\t\t\t\t<\/div>\n\t\t\t\t\t<\/div>\n\t\t\t\t<\/div>\n\t\t<div class=\"elementor-element elementor-element-141a56d7 e-flex e-con-boxed e-con e-parent\" data-id=\"141a56d7\" data-element_type=\"container\">\n\t\t\t\t\t<div class=\"e-con-inner\">\n\t\t<div class=\"elementor-element elementor-element-32ca154 e-con-full e-flex e-con e-child\" data-id=\"32ca154\" data-element_type=\"container\">\n\t\t\t\t<div class=\"elementor-element elementor-element-a865e89 elementor-grid-2 elementor-grid-tablet-2 elementor-grid-mobile-1 elementor-posts--thumbnail-top elementor-widget elementor-widget-posts\" data-id=\"a865e89\" data-element_type=\"widget\" data-settings=\"{&quot;classic_columns&quot;:&quot;2&quot;,&quot;pagination_type&quot;:&quot;prev_next&quot;,&quot;classic_columns_tablet&quot;:&quot;2&quot;,&quot;classic_columns_mobile&quot;:&quot;1&quot;,&quot;classic_row_gap&quot;:{&quot;unit&quot;:&quot;px&quot;,&quot;size&quot;:35,&quot;sizes&quot;:[]},&quot;classic_row_gap_widescreen&quot;:{&quot;unit&quot;:&quot;px&quot;,&quot;size&quot;:&quot;&quot;,&quot;sizes&quot;:[]},&quot;classic_row_gap_laptop&quot;:{&quot;unit&quot;:&quot;px&quot;,&quot;size&quot;:&quot;&quot;,&quot;sizes&quot;:[]},&quot;classic_row_gap_tablet_extra&quot;:{&quot;unit&quot;:&quot;px&quot;,&quot;size&quot;:&quot;&quot;,&quot;sizes&quot;:[]},&quot;classic_row_gap_tablet&quot;:{&quot;unit&quot;:&quot;px&quot;,&quot;size&quot;:&quot;&quot;,&quot;sizes&quot;:[]},&quot;classic_row_gap_mobile_extra&quot;:{&quot;unit&quot;:&quot;px&quot;,&quot;size&quot;:&quot;&quot;,&quot;sizes&quot;:[]},&quot;classic_row_gap_mobile&quot;:{&quot;unit&quot;:&quot;px&quot;,&quot;size&quot;:&quot;&quot;,&quot;sizes&quot;:[]}}\" data-widget_type=\"posts.classic\">\n\t\t\t\t<div class=\"elementor-widget-container\">\n\t\t\t\t\t\t\t<div class=\"elementor-posts-container elementor-posts elementor-posts--skin-classic elementor-grid\" role=\"list\">\n\t\t\t\t<article class=\"elementor-post elementor-grid-item post-1629 post type-post status-publish format-standard has-post-thumbnail hentry category-diabetes category-espanol tag-cl-medicare tag-diabetes tag-medicina-familiar\" role=\"listitem\">\n\t\t\t\t<a class=\"elementor-post__thumbnail__link\" href=\"https:\/\/clmedicare.com\/en\/2025\/12\/11\/diabetes-que-es-por-que-aparece-y-como-prevenirla\/\" tabindex=\"-1\" >\n\t\t\t<div class=\"elementor-post__thumbnail\"><img fetchpriority=\"high\" decoding=\"async\" width=\"300\" height=\"192\" src=\"https:\/\/clmedicare.com\/wp-content\/uploads\/2025\/12\/insulina-300x192.jpg\" class=\"attachment-medium size-medium wp-image-1634\" alt=\"\" srcset=\"https:\/\/clmedicare.com\/wp-content\/uploads\/2025\/12\/insulina-300x192.jpg 300w, https:\/\/clmedicare.com\/wp-content\/uploads\/2025\/12\/insulina-1024x655.jpg 1024w, https:\/\/clmedicare.com\/wp-content\/uploads\/2025\/12\/insulina-768x492.jpg 768w, https:\/\/clmedicare.com\/wp-content\/uploads\/2025\/12\/insulina-18x12.jpg 18w, https:\/\/clmedicare.com\/wp-content\/uploads\/2025\/12\/insulina.jpg 1200w\" sizes=\"(max-width: 300px) 100vw, 300px\" \/><\/div>\n\t\t<\/a>\n\t\t\t\t<div class=\"elementor-post__text\">\n\t\t\t\t<h3 class=\"elementor-post__title\">\n\t\t\t<a href=\"https:\/\/clmedicare.com\/en\/2025\/12\/11\/diabetes-que-es-por-que-aparece-y-como-prevenirla\/\" >\n\t\t\t\tDiabetes: qu\u00e9 es, por qu\u00e9 aparece y c\u00f3mo prevenirla\t\t\t<\/a>\n\t\t<\/h3>\n\t\t\t\t<div class=\"elementor-post__meta-data\">\n\t\t\t\t\t<span class=\"elementor-post-date\">\n\t\t\tDecember 11, 2025\t\t<\/span>\n\t\t\t\t<span class=\"elementor-post-avatar\">\n\t\t\tNo Comments\t\t<\/span>\n\t\t\t\t<\/div>\n\t\t\t\t<div class=\"elementor-post__excerpt\">\n\t\t\t<p>La diabetes es una de las enfermedades cr\u00f3nicas m\u00e1s frecuentes en el mundo y una de las principales causas de complicaciones cardiovasculares, renales y neurol\u00f3gicas.<\/p>\n\t\t<\/div>\n\t\t\n\t\t<a class=\"elementor-post__read-more\" href=\"https:\/\/clmedicare.com\/en\/2025\/12\/11\/diabetes-que-es-por-que-aparece-y-como-prevenirla\/\" aria-label=\"Read more about Diabetes: qu\u00e9 es, por qu\u00e9 aparece y c\u00f3mo prevenirla\" tabindex=\"-1\" >\n\t\t\tLeer m\u00e1s \u00bb\t\t<\/a>\n\n\t\t\t\t<\/div>\n\t\t\t\t<\/article>\n\t\t\t\t<\/div>\n\t\t\n\t\t\t\t\t\t<\/div>\n\t\t\t\t<\/div>\n\t\t\t\t<\/div>\n\t\t\t\t\t<\/div>\n\t\t\t\t<\/div>\n\t\t\t\t<\/div>","protected":false},"excerpt":{"rendered":"<p>Blog Descubre las \u00faltimas novedades, investigaciones y avances en el mundo de la medicina.<\/p>","protected":false},"author":1,"featured_media":0,"parent":0,"menu_order":0,"comment_status":"closed","ping_status":"closed","template":"elementor_header_footer","meta":{"_joinchat":[],"footnotes":""},"class_list":["post-1417","page","type-page","status-publish","hentry"],"_links":{"self":[{"href":"https:\/\/clmedicare.com\/en\/wp-json\/wp\/v2\/pages\/1417","targetHints":{"allow":["GET"]}}],"collection":[{"href":"https:\/\/clmedicare.com\/en\/wp-json\/wp\/v2\/pages"}],"about":[{"href":"https:\/\/clmedicare.com\/en\/wp-json\/wp\/v2\/types\/page"}],"author":[{"embeddable":true,"href":"https:\/\/clmedicare.com\/en\/wp-json\/wp\/v2\/users\/1"}],"replies":[{"embeddable":true,"href":"https:\/\/clmedicare.com\/en\/wp-json\/wp\/v2\/comments?post=1417"}],"version-history":[{"count":10,"href":"https:\/\/clmedicare.com\/en\/wp-json\/wp\/v2\/pages\/1417\/revisions"}],"predecessor-version":[{"id":1434,"href":"https:\/\/clmedicare.com\/en\/wp-json\/wp\/v2\/pages\/1417\/revisions\/1434"}],"wp:attachment":[{"href":"https:\/\/clmedicare.com\/en\/wp-json\/wp\/v2\/media?parent=1417"}],"curies":[{"name":"wp","href":"https:\/\/api.w.org\/{rel}","templated":true}]}}