{"id":1016,"date":"2025-01-24T01:11:07","date_gmt":"2025-01-24T01:11:07","guid":{"rendered":"https:\/\/clmedicare.com\/?page_id=1016"},"modified":"2025-01-30T07:16:00","modified_gmt":"2025-01-30T07:16:00","slug":"convenios","status":"publish","type":"page","link":"https:\/\/clmedicare.com\/en\/convenios\/","title":{"rendered":"Convenios"},"content":{"rendered":"<div data-elementor-type=\"wp-page\" data-elementor-id=\"1016\" class=\"elementor elementor-1016\" data-elementor-post-type=\"page\">\n\t\t\t\t<div class=\"elementor-element elementor-element-f90e4e5 e-flex e-con-boxed e-con e-parent\" data-id=\"f90e4e5\" data-element_type=\"container\" data-settings=\"{&quot;background_background&quot;:&quot;classic&quot;}\">\n\t\t\t\t\t<div class=\"e-con-inner\">\n\t\t<div class=\"elementor-element elementor-element-bbd1120 e-con-full e-flex e-con e-child\" data-id=\"bbd1120\" data-element_type=\"container\">\n\t\t\t\t<div class=\"elementor-element elementor-element-d173a72 elementor-widget elementor-widget-heading\" data-id=\"d173a72\" data-element_type=\"widget\" data-widget_type=\"heading.default\">\n\t\t\t\t<div class=\"elementor-widget-container\">\n\t\t\t\t\t<h1 class=\"elementor-heading-title elementor-size-default\">Convenios<\/h1>\t\t\t\t<\/div>\n\t\t\t\t<\/div>\n\t\t\t\t<\/div>\n\t\t\t\t\t<\/div>\n\t\t\t\t<\/div>\n\t\t<div class=\"elementor-element elementor-element-5848b89 e-flex e-con-boxed e-con e-parent\" data-id=\"5848b89\" data-element_type=\"container\" data-settings=\"{&quot;background_background&quot;:&quot;classic&quot;}\">\n\t\t\t\t\t<div class=\"e-con-inner\">\n\t\t<div class=\"elementor-element elementor-element-68bf2e7 e-con-full e-flex e-con e-child\" data-id=\"68bf2e7\" data-element_type=\"container\">\n\t\t<div class=\"elementor-element elementor-element-9d27e55 e-con-full e-flex e-con e-child\" data-id=\"9d27e55\" data-element_type=\"container\">\n\t\t<div class=\"elementor-element elementor-element-2d6525b e-flex e-con-boxed e-con e-child\" data-id=\"2d6525b\" data-element_type=\"container\">\n\t\t\t\t\t<div class=\"e-con-inner\">\n\t\t\t\t<div class=\"elementor-element elementor-element-5d20f86 elementor-widget elementor-widget-heading\" data-id=\"5d20f86\" data-element_type=\"widget\" data-widget_type=\"heading.default\">\n\t\t\t\t<div class=\"elementor-widget-container\">\n\t\t\t\t\t<h6 class=\"elementor-heading-title elementor-size-default\">Nuestras Alianzas Estrat\u00e9gicas<\/h6>\t\t\t\t<\/div>\n\t\t\t\t<\/div>\n\t\t\t\t<div class=\"elementor-element elementor-element-6581fa4 elementor-widget elementor-widget-heading\" data-id=\"6581fa4\" data-element_type=\"widget\" data-widget_type=\"heading.default\">\n\t\t\t\t<div class=\"elementor-widget-container\">\n\t\t\t\t\t<h2 class=\"elementor-heading-title elementor-size-default\">Empresas que Cuidan de Ti con Nosotros<\/h2>\t\t\t\t<\/div>\n\t\t\t\t<\/div>\n\t\t\t\t<div class=\"elementor-element elementor-element-26cf2c9 elementor-widget elementor-widget-text-editor\" data-id=\"26cf2c9\" data-element_type=\"widget\" data-widget_type=\"text-editor.default\">\n\t\t\t\t<div class=\"elementor-widget-container\">\n\t\t\t\t\t\t\t\t\t<p>En CL Medicare trabajamos junto a empresas l\u00edderes para ofrecerte beneficios exclusivos y servicios m\u00e9dicos de alta calidad.<\/p>\t\t\t\t\t\t\t\t<\/div>\n\t\t\t\t<\/div>\n\t\t\t\t\t<\/div>\n\t\t\t\t<\/div>\n\t\t\t\t<\/div>\n\t\t<div class=\"elementor-element elementor-element-8da9181 e-con-full e-flex e-con e-child\" data-id=\"8da9181\" data-element_type=\"container\">\n\t\t<div class=\"elementor-element elementor-element-71139b6 e-con-full e-flex e-con e-child\" data-id=\"71139b6\" data-element_type=\"container\">\n\t\t\t\t<div class=\"elementor-element elementor-element-c4e0aa7 elementor-flip-box--3d elementor-flip-box--direction-down elementor-flip-box--effect-flip elementor-widget elementor-widget-flip-box\" data-id=\"c4e0aa7\" data-element_type=\"widget\" data-widget_type=\"flip-box.default\">\n\t\t\t\t<div class=\"elementor-widget-container\">\n\t\t\t\t\t\t\t<div class=\"elementor-flip-box\" tabindex=\"0\">\n\t\t\t<div class=\"elementor-flip-box__layer elementor-flip-box__front\">\n\t\t\t\t<div class=\"elementor-flip-box__layer__overlay\">\n\t\t\t\t\t<div class=\"elementor-flip-box__layer__inner\">\n\t\t\t\t\t\t\t\t\t\t\t\t\t<div class=\"elementor-flip-box__image\">\n\t\t\t\t\t\t\t\t<img decoding=\"async\" src=\"https:\/\/clmedicare.com\/wp-content\/uploads\/elementor\/thumbs\/pasteur2-r0hydrr31g0s8v1zk2p5wowrykbyb9r7k4au1n24u8.webp\" title=\"pasteur2\" alt=\"pasteur2\" loading=\"lazy\" \/>\t\t\t\t\t\t\t<\/div>\n\t\t\t\t\t\t\n\t\t\t\t\t\t\n\t\t\t\t\t\t\t\t\t\t\t\t\t<div class=\"elementor-flip-box__layer__description\">\n\t\t\t\t\t\t\t\tLaboratorio Pasteur\t\t\t\t\t\t\t<\/div>\n\t\t\t\t\t\t\t\t\t\t\t<\/div>\n\t\t\t\t<\/div>\n\t\t\t<\/div>\n\t\t\t<div class=\"elementor-flip-box__layer elementor-flip-box__back\">\n\t\t\t<div class=\"elementor-flip-box__layer__overlay\">\n\t\t\t\t<div class=\"elementor-flip-box__layer__inner\">\n\t\t\t\t\t\n\t\t\t\t\t\t\t\t\t\t\t<div class=\"elementor-flip-box__layer__description\">\n\t\t\t\t\t\t\tSanta Marta, Barranquilla y Cartagena\t\t\t\t\t\t<\/div>\n\t\t\t\t\t\n\t\t\t\t\t\t\t\t\t\t\t<a class=\"elementor-flip-box__button elementor-button elementor-size-sm\" href=\"https:\/\/pasteurlab.com\/\" target=\"_blank\">\n\t\t\t\t\t\t\tM\u00e1s informaci\u00f3n\t\t\t\t\t\t<\/a>\n\t\t\t\t\t\t\t\t<\/div>\n\t\t<\/div>\n\t\t<\/div>\n\t\t<\/div>\n\t\t\t\t\t\t<\/div>\n\t\t\t\t<\/div>\n\t\t\t\t<\/div>\n\t\t<div class=\"elementor-element elementor-element-641b338 e-con-full e-flex e-con e-child\" data-id=\"641b338\" data-element_type=\"container\">\n\t\t\t\t<div class=\"elementor-element elementor-element-4588208 elementor-flip-box--3d elementor-flip-box--direction-down elementor-flip-box--effect-flip elementor-widget elementor-widget-flip-box\" data-id=\"4588208\" data-element_type=\"widget\" data-widget_type=\"flip-box.default\">\n\t\t\t\t<div class=\"elementor-widget-container\">\n\t\t\t\t\t\t\t<div class=\"elementor-flip-box\" tabindex=\"0\">\n\t\t\t<div class=\"elementor-flip-box__layer elementor-flip-box__front\">\n\t\t\t\t<div class=\"elementor-flip-box__layer__overlay\">\n\t\t\t\t\t<div class=\"elementor-flip-box__layer__inner\">\n\t\t\t\t\t\t\t\t\t\t\t\t\t<div class=\"elementor-flip-box__image\">\n\t\t\t\t\t\t\t\t<img fetchpriority=\"high\" decoding=\"async\" width=\"396\" height=\"360\" src=\"https:\/\/clmedicare.com\/wp-content\/uploads\/2025\/01\/laboratorio-continental.webp\" class=\"attachment-full size-full wp-image-1045\" alt=\"\" srcset=\"https:\/\/clmedicare.com\/wp-content\/uploads\/2025\/01\/laboratorio-continental.webp 396w, https:\/\/clmedicare.com\/wp-content\/uploads\/2025\/01\/laboratorio-continental-300x273.webp 300w, https:\/\/clmedicare.com\/wp-content\/uploads\/2025\/01\/laboratorio-continental-13x12.webp 13w\" sizes=\"(max-width: 396px) 100vw, 396px\" \/>\t\t\t\t\t\t\t<\/div>\n\t\t\t\t\t\t\n\t\t\t\t\t\t\n\t\t\t\t\t\t\t\t\t\t\t\t\t<div class=\"elementor-flip-box__layer__description\">\n\t\t\t\t\t\t\t\tLaboratorio Continental\t\t\t\t\t\t\t<\/div>\n\t\t\t\t\t\t\t\t\t\t\t<\/div>\n\t\t\t\t<\/div>\n\t\t\t<\/div>\n\t\t\t<div class=\"elementor-flip-box__layer elementor-flip-box__back\">\n\t\t\t<div class=\"elementor-flip-box__layer__overlay\">\n\t\t\t\t<div class=\"elementor-flip-box__layer__inner\">\n\t\t\t\t\t\n\t\t\t\t\t\t\t\t\t\t\t<div class=\"elementor-flip-box__layer__description\">\n\t\t\t\t\t\t\tSanta Marta, Barranquilla y Cartagena\t\t\t\t\t\t<\/div>\n\t\t\t\t\t\n\t\t\t\t\t\t\t\t\t\t\t<a class=\"elementor-flip-box__button elementor-button elementor-size-sm\" href=\"https:\/\/www.labcontinental.com\/\" target=\"_blank\">\n\t\t\t\t\t\t\tM\u00e1s informaci\u00f3n\t\t\t\t\t\t<\/a>\n\t\t\t\t\t\t\t\t<\/div>\n\t\t<\/div>\n\t\t<\/div>\n\t\t<\/div>\n\t\t\t\t\t\t<\/div>\n\t\t\t\t<\/div>\n\t\t\t\t<\/div>\n\t\t\t\t<\/div>\n\t\t<div class=\"elementor-element elementor-element-21271ca e-con-full e-flex e-con e-child\" data-id=\"21271ca\" data-element_type=\"container\">\n\t\t<div class=\"elementor-element elementor-element-cf1717f e-con-full e-flex e-con e-child\" data-id=\"cf1717f\" data-element_type=\"container\">\n\t\t\t\t<div class=\"elementor-element elementor-element-e732ac1 elementor-flip-box--3d elementor-flip-box--direction-down elementor-flip-box--effect-flip elementor-widget elementor-widget-flip-box\" data-id=\"e732ac1\" data-element_type=\"widget\" data-widget_type=\"flip-box.default\">\n\t\t\t\t<div class=\"elementor-widget-container\">\n\t\t\t\t\t\t\t<div class=\"elementor-flip-box\" tabindex=\"0\">\n\t\t\t<div class=\"elementor-flip-box__layer elementor-flip-box__front\">\n\t\t\t\t<div class=\"elementor-flip-box__layer__overlay\">\n\t\t\t\t\t<div class=\"elementor-flip-box__layer__inner\">\n\t\t\t\t\t\t\t\t\t\t\t\t\t<div class=\"elementor-flip-box__image\">\n\t\t\t\t\t\t\t\t<img decoding=\"async\" width=\"396\" height=\"360\" src=\"https:\/\/clmedicare.com\/wp-content\/uploads\/2025\/01\/vitalea.webp\" class=\"attachment-full size-full wp-image-1049\" alt=\"\" srcset=\"https:\/\/clmedicare.com\/wp-content\/uploads\/2025\/01\/vitalea.webp 396w, https:\/\/clmedicare.com\/wp-content\/uploads\/2025\/01\/vitalea-300x273.webp 300w, https:\/\/clmedicare.com\/wp-content\/uploads\/2025\/01\/vitalea-13x12.webp 13w\" sizes=\"(max-width: 396px) 100vw, 396px\" \/>\t\t\t\t\t\t\t<\/div>\n\t\t\t\t\t\t\n\t\t\t\t\t\t\n\t\t\t\t\t\t\t\t\t\t\t\t\t<div class=\"elementor-flip-box__layer__description\">\n\t\t\t\t\t\t\t\tLaboratorio Vitalea\t\t\t\t\t\t\t<\/div>\n\t\t\t\t\t\t\t\t\t\t\t<\/div>\n\t\t\t\t<\/div>\n\t\t\t<\/div>\n\t\t\t<div class=\"elementor-flip-box__layer elementor-flip-box__back\">\n\t\t\t<div class=\"elementor-flip-box__layer__overlay\">\n\t\t\t\t<div class=\"elementor-flip-box__layer__inner\">\n\t\t\t\t\t\n\t\t\t\t\t\t\t\t\t\t\t<div class=\"elementor-flip-box__layer__description\">\n\t\t\t\t\t\t\tBogot\u00e1 y Bucaramanga\t\t\t\t\t\t<\/div>\n\t\t\t\t\t\n\t\t\t\t\t\t\t\t\t\t\t<a class=\"elementor-flip-box__button elementor-button elementor-size-sm\" href=\"https:\/\/vitalea.com\/\" target=\"_blank\">\n\t\t\t\t\t\t\tM\u00e1s informaci\u00f3n\t\t\t\t\t\t<\/a>\n\t\t\t\t\t\t\t\t<\/div>\n\t\t<\/div>\n\t\t<\/div>\n\t\t<\/div>\n\t\t\t\t\t\t<\/div>\n\t\t\t\t<\/div>\n\t\t\t\t<\/div>\n\t\t<div class=\"elementor-element elementor-element-2e31285 e-con-full e-flex e-con e-child\" data-id=\"2e31285\" data-element_type=\"container\">\n\t\t\t\t<div class=\"elementor-element elementor-element-8076ea9 elementor-flip-box--3d elementor-flip-box--direction-down elementor-flip-box--effect-flip elementor-widget elementor-widget-flip-box\" data-id=\"8076ea9\" data-element_type=\"widget\" data-widget_type=\"flip-box.default\">\n\t\t\t\t<div class=\"elementor-widget-container\">\n\t\t\t\t\t\t\t<div class=\"elementor-flip-box\" tabindex=\"0\">\n\t\t\t<div class=\"elementor-flip-box__layer elementor-flip-box__front\">\n\t\t\t\t<div class=\"elementor-flip-box__layer__overlay\">\n\t\t\t\t\t<div class=\"elementor-flip-box__layer__inner\">\n\t\t\t\t\t\t\t\t\t\t\t\t\t<div class=\"elementor-flip-box__image\">\n\t\t\t\t\t\t\t\t<img decoding=\"async\" width=\"396\" height=\"360\" src=\"https:\/\/clmedicare.com\/wp-content\/uploads\/2025\/01\/escano.webp\" class=\"attachment-full size-full wp-image-1051\" alt=\"\" srcset=\"https:\/\/clmedicare.com\/wp-content\/uploads\/2025\/01\/escano.webp 396w, https:\/\/clmedicare.com\/wp-content\/uploads\/2025\/01\/escano-300x273.webp 300w, https:\/\/clmedicare.com\/wp-content\/uploads\/2025\/01\/escano-13x12.webp 13w\" sizes=\"(max-width: 396px) 100vw, 396px\" \/>\t\t\t\t\t\t\t<\/div>\n\t\t\t\t\t\t\n\t\t\t\t\t\t\n\t\t\t\t\t\t\t\t\t\t\t\t\t<div class=\"elementor-flip-box__layer__description\">\n\t\t\t\t\t\t\t\tEscano Escanografia\t\t\t\t\t\t\t<\/div>\n\t\t\t\t\t\t\t\t\t\t\t<\/div>\n\t\t\t\t<\/div>\n\t\t\t<\/div>\n\t\t\t<div class=\"elementor-flip-box__layer elementor-flip-box__back\">\n\t\t\t<div class=\"elementor-flip-box__layer__overlay\">\n\t\t\t\t<div class=\"elementor-flip-box__layer__inner\">\n\t\t\t\t\t\n\t\t\t\t\t\t\t\t\t\t\t<div class=\"elementor-flip-box__layer__description\">\n\t\t\t\t\t\t\tMedell\u00edn\t\t\t\t\t\t<\/div>\n\t\t\t\t\t\n\t\t\t\t\t\t\t\t\t\t\t<a class=\"elementor-flip-box__button elementor-button elementor-size-sm\" href=\"https:\/\/escanografia.com\/\" target=\"_blank\">\n\t\t\t\t\t\t\tM\u00e1s informaci\u00f3n\t\t\t\t\t\t<\/a>\n\t\t\t\t\t\t\t\t<\/div>\n\t\t<\/div>\n\t\t<\/div>\n\t\t<\/div>\n\t\t\t\t\t\t<\/div>\n\t\t\t\t<\/div>\n\t\t\t\t<\/div>\n\t\t\t\t<\/div>\n\t\t<div class=\"elementor-element elementor-element-2fca247 e-con-full e-flex e-con e-child\" data-id=\"2fca247\" data-element_type=\"container\">\n\t\t<div class=\"elementor-element elementor-element-81c4fce e-con-full e-flex e-con e-child\" data-id=\"81c4fce\" data-element_type=\"container\">\n\t\t\t\t<div class=\"elementor-element elementor-element-ea5d928 elementor-flip-box--3d elementor-flip-box--direction-down elementor-flip-box--effect-flip elementor-widget elementor-widget-flip-box\" data-id=\"ea5d928\" data-element_type=\"widget\" data-widget_type=\"flip-box.default\">\n\t\t\t\t<div class=\"elementor-widget-container\">\n\t\t\t\t\t\t\t<div class=\"elementor-flip-box\" tabindex=\"0\">\n\t\t\t<div class=\"elementor-flip-box__layer elementor-flip-box__front\">\n\t\t\t\t<div class=\"elementor-flip-box__layer__overlay\">\n\t\t\t\t\t<div class=\"elementor-flip-box__layer__inner\">\n\t\t\t\t\t\t\t\t\t\t\t\t\t<div class=\"elementor-flip-box__image\">\n\t\t\t\t\t\t\t\t<img loading=\"lazy\" decoding=\"async\" width=\"396\" height=\"360\" src=\"https:\/\/clmedicare.com\/wp-content\/uploads\/2025\/01\/poctlab.webp\" class=\"attachment-full size-full wp-image-1055\" alt=\"\" srcset=\"https:\/\/clmedicare.com\/wp-content\/uploads\/2025\/01\/poctlab.webp 396w, https:\/\/clmedicare.com\/wp-content\/uploads\/2025\/01\/poctlab-300x273.webp 300w, https:\/\/clmedicare.com\/wp-content\/uploads\/2025\/01\/poctlab-13x12.webp 13w\" sizes=\"(max-width: 396px) 100vw, 396px\" \/>\t\t\t\t\t\t\t<\/div>\n\t\t\t\t\t\t\n\t\t\t\t\t\t\n\t\t\t\t\t\t\t\t\t\t\t\t\t<div class=\"elementor-flip-box__layer__description\">\n\t\t\t\t\t\t\t\tLaboratorio POCTLAB\t\t\t\t\t\t\t<\/div>\n\t\t\t\t\t\t\t\t\t\t\t<\/div>\n\t\t\t\t<\/div>\n\t\t\t<\/div>\n\t\t\t<div class=\"elementor-flip-box__layer elementor-flip-box__back\">\n\t\t\t<div class=\"elementor-flip-box__layer__overlay\">\n\t\t\t\t<div class=\"elementor-flip-box__layer__inner\">\n\t\t\t\t\t\n\t\t\t\t\t\t\t\t\t\t\t<div class=\"elementor-flip-box__layer__description\">\n\t\t\t\t\t\t\tMedell\u00edn\t\t\t\t\t\t<\/div>\n\t\t\t\t\t\n\t\t\t\t\t\t\t\t\t\t\t<a class=\"elementor-flip-box__button elementor-button elementor-size-sm\" href=\"https:\/\/laboratoriospoct.com\/\" target=\"_blank\">\n\t\t\t\t\t\t\tM\u00e1s Informaci\u00f3n\t\t\t\t\t\t<\/a>\n\t\t\t\t\t\t\t\t<\/div>\n\t\t<\/div>\n\t\t<\/div>\n\t\t<\/div>\n\t\t\t\t\t\t<\/div>\n\t\t\t\t<\/div>\n\t\t\t\t<\/div>\n\t\t\t\t<\/div>\n\t\t\t\t<\/div>\n\t\t\t\t\t<\/div>\n\t\t\t\t<\/div>\n\t\t\t\t<\/div>","protected":false},"excerpt":{"rendered":"<p>Convenios Nuestras Alianzas Estrat\u00e9gicas Empresas que Cuidan de Ti con Nosotros En CL Medicare trabajamos junto a empresas l\u00edderes para ofrecerte beneficios exclusivos y servicios m\u00e9dicos de alta calidad. Laboratorio Pasteur Santa Marta, Barranquilla y Cartagena M\u00e1s informaci\u00f3n Laboratorio Continental Santa Marta, Barranquilla y Cartagena M\u00e1s informaci\u00f3n Laboratorio Vitalea Bogot\u00e1 y Bucaramanga M\u00e1s informaci\u00f3n Escano [&hellip;]<\/p>","protected":false},"author":1,"featured_media":0,"parent":0,"menu_order":0,"comment_status":"closed","ping_status":"closed","template":"elementor_header_footer","meta":{"_joinchat":[],"footnotes":""},"class_list":["post-1016","page","type-page","status-publish","hentry"],"_links":{"self":[{"href":"https:\/\/clmedicare.com\/en\/wp-json\/wp\/v2\/pages\/1016","targetHints":{"allow":["GET"]}}],"collection":[{"href":"https:\/\/clmedicare.com\/en\/wp-json\/wp\/v2\/pages"}],"about":[{"href":"https:\/\/clmedicare.com\/en\/wp-json\/wp\/v2\/types\/page"}],"author":[{"embeddable":true,"href":"https:\/\/clmedicare.com\/en\/wp-json\/wp\/v2\/users\/1"}],"replies":[{"embeddable":true,"href":"https:\/\/clmedicare.com\/en\/wp-json\/wp\/v2\/comments?post=1016"}],"version-history":[{"count":31,"href":"https:\/\/clmedicare.com\/en\/wp-json\/wp\/v2\/pages\/1016\/revisions"}],"predecessor-version":[{"id":1252,"href":"https:\/\/clmedicare.com\/en\/wp-json\/wp\/v2\/pages\/1016\/revisions\/1252"}],"wp:attachment":[{"href":"https:\/\/clmedicare.com\/en\/wp-json\/wp\/v2\/media?parent=1016"}],"curies":[{"name":"wp","href":"https:\/\/api.w.org\/{rel}","templated":true}]}}